{"id":3,"date":"2024-10-31T18:18:00","date_gmt":"2024-10-31T18:18:00","guid":{"rendered":"https:\/\/shih.mso.re\/?page_id=3"},"modified":"2025-02-08T11:42:13","modified_gmt":"2025-02-08T11:42:13","slug":"privacy-policy","status":"publish","type":"page","link":"https:\/\/shih.mso.re\/ar\/privacy-policy\/","title":{"rendered":"Privacy Policy"},"content":{"rendered":"<div class=\"xs_social_share_widget xs_share_url before_content \t\tmain_content  wslu-style-3 wslu-share-box-shaped wslu-fill-brand-hover-colored wslu-share-m-5 wslu-none wslu-share-horizontal wslu-theme-font-yes wslu-main_content\">\n\n\t\t\n        <ul>\n\t\t\t                    <li class=\"xs-share-li facebook                        wslu-no-extra-data\">\n                        <a href=\"javascript:void(0);\"\n                           id=\"xs_feed_facebook\"\n                           onclick=\"xs_social_sharer(this);\"\n                           data-pid=\"3\"\n                           data-uri_hash=\"ebd0a9e4d397eae34b326f0268f96a82\"\n                           data-key=\"facebook\"\n                           data-xs-href=\"http:\/\/www.facebook.com\/sharer.php?u=https%3A%2F%2Fshih.mso.re%2Far%2Fwp-json%2Fwp%2Fv2%2Fpages%2F3&amp;t=Privacy+Policy&amp;v=3\">\n\n                            <div class=\"xs-social-icon\">\n                                <span class=\"met-social met-social-facebook\"><\/span>\n                            <\/div>\n\n\t\t\t\t\t\t\t\n                            <div class=\"wslu-hover-content\">\n                                <div class=\"xs-social-followers\">\n\t\t\t\t\t\t\t\t\t0                                <\/div>\n                                <div class=\"xs-social-follower-text\">\n\t\t\t\t\t\t\t\t\t                                <\/div>\n                                <div class=\"xs-social-follower-label\">\n\t\t\t\t\t\t\t\t\tFacebook                                <\/div>\n                            <\/div>\n                        <\/a>\n                    <\/li>\n\t\t\t\t\t                    <li class=\"xs-share-li twitter                        wslu-no-extra-data\">\n                        <a href=\"javascript:void(0);\"\n                           id=\"xs_feed_twitter\"\n                           onclick=\"xs_social_sharer(this);\"\n                           data-pid=\"3\"\n                           data-uri_hash=\"ebd0a9e4d397eae34b326f0268f96a82\"\n                           data-key=\"twitter\"\n                           data-xs-href=\"https:\/\/twitter.com\/intent\/tweet?text=Privacy+Policy+https%3A%2F%2Fshih.mso.re%2Far%2Fwp-json%2Fwp%2Fv2%2Fpages%2F3&amp;original_referer=https%3A%2F%2Fshih.mso.re%2Far%2Fwp-json%2Fwp%2Fv2%2Fpages%2F3&amp;related=xpeedstudio\">\n\n                            <div class=\"xs-social-icon\">\n                                <span class=\"met-social met-social-twitter\"><\/span>\n                            <\/div>\n\n\t\t\t\t\t\t\t\n                            <div class=\"wslu-hover-content\">\n                                <div class=\"xs-social-followers\">\n\t\t\t\t\t\t\t\t\t0                                <\/div>\n                                <div class=\"xs-social-follower-text\">\n\t\t\t\t\t\t\t\t\t                                <\/div>\n                                <div class=\"xs-social-follower-label\">\n\t\t\t\t\t\t\t\t\tTwitter                                <\/div>\n                            <\/div>\n                        <\/a>\n                    <\/li>\n\t\t\t\t\t                    <li class=\"xs-share-li linkedin                        wslu-no-extra-data\">\n                        <a href=\"javascript:void(0);\"\n                           id=\"xs_feed_linkedin\"\n                           onclick=\"xs_social_sharer(this);\"\n                           data-pid=\"3\"\n                           data-uri_hash=\"ebd0a9e4d397eae34b326f0268f96a82\"\n                           data-key=\"linkedin\"\n                           data-xs-href=\"https:\/\/www.linkedin.com\/shareArticle?url=https%3A%2F%2Fshih.mso.re%2Far%2Fwp-json%2Fwp%2Fv2%2Fpages%2F3&amp;title=Privacy+Policy&amp;summary=&amp;source=Shih+Mso+Re&amp;mini=1\">\n\n                            <div class=\"xs-social-icon\">\n                                <span class=\"met-social met-social-linkedin\"><\/span>\n                            <\/div>\n\n\t\t\t\t\t\t\t\n                            <div class=\"wslu-hover-content\">\n                                <div class=\"xs-social-followers\">\n\t\t\t\t\t\t\t\t\t0                                <\/div>\n                                <div class=\"xs-social-follower-text\">\n\t\t\t\t\t\t\t\t\t                                <\/div>\n                                <div class=\"xs-social-follower-label\">\n\t\t\t\t\t\t\t\t\tLinkedin                                <\/div>\n                            <\/div>\n                        <\/a>\n                    <\/li>\n\t\t\t\t\t                    <li class=\"xs-share-li facebook-messenger                        wslu-no-extra-data\">\n                        <a href=\"javascript:void(0);\"\n                           id=\"xs_feed_facebook-messenger\"\n                           onclick=\"xs_social_sharer(this);\"\n                           data-pid=\"3\"\n                           data-uri_hash=\"ebd0a9e4d397eae34b326f0268f96a82\"\n                           data-key=\"facebook-messenger\"\n                           data-xs-href=\"https:\/\/www.facebook.com\/dialog\/send?link=https%3A%2F%2Fshih.mso.re%2Far%2Fwp-json%2Fwp%2Fv2%2Fpages%2F3&amp;redirect_uri=https%3A%2F%2Fshih.mso.re%2Far%2Fwp-json%2Fwp%2Fv2%2Fpages%2F3&amp;display=popup&amp;app_id=2577123062406162\">\n\n                            <div class=\"xs-social-icon\">\n                                <span class=\"met-social met-social-facebook-messenger\"><\/span>\n                            <\/div>\n\n\t\t\t\t\t\t\t\n                            <div class=\"wslu-hover-content\">\n                                <div class=\"xs-social-followers\">\n\t\t\t\t\t\t\t\t\t0                                <\/div>\n                                <div class=\"xs-social-follower-text\">\n\t\t\t\t\t\t\t\t\t                                <\/div>\n                                <div class=\"xs-social-follower-label\">\n\t\t\t\t\t\t\t\t\tFacebook-messenger                                <\/div>\n                            <\/div>\n                        <\/a>\n                    <\/li>\n\t\t\t\t\t                    <li class=\"xs-share-li whatsapp                        wslu-no-extra-data\">\n                        <a href=\"javascript:void(0);\"\n                           id=\"xs_feed_whatsapp\"\n                           onclick=\"xs_social_sharer(this);\"\n                           data-pid=\"3\"\n                           data-uri_hash=\"ebd0a9e4d397eae34b326f0268f96a82\"\n                           data-key=\"whatsapp\"\n                           data-xs-href=\"whatsapp:\/\/send?text=Privacy+Policy+https%3A%2F%2Fshih.mso.re%2Far%2Fwp-json%2Fwp%2Fv2%2Fpages%2F3\">\n\n                            <div class=\"xs-social-icon\">\n                                <span class=\"met-social met-social-whatsapp\"><\/span>\n                            <\/div>\n\n\t\t\t\t\t\t\t\n                            <div class=\"wslu-hover-content\">\n                                <div class=\"xs-social-followers\">\n\t\t\t\t\t\t\t\t\t0                                <\/div>\n                                <div class=\"xs-social-follower-text\">\n\t\t\t\t\t\t\t\t\t                                <\/div>\n                                <div class=\"xs-social-follower-label\">\n\t\t\t\t\t\t\t\t\tWhatsapp                                <\/div>\n                            <\/div>\n                        <\/a>\n                    <\/li>\n\t\t\t\t\t                    <li class=\"xs-share-li telegram                        wslu-no-extra-data\">\n                        <a href=\"javascript:void(0);\"\n                           id=\"xs_feed_telegram\"\n                           onclick=\"xs_social_sharer(this);\"\n                           data-pid=\"3\"\n                           data-uri_hash=\"ebd0a9e4d397eae34b326f0268f96a82\"\n                           data-key=\"telegram\"\n                           data-xs-href=\"https:\/\/telegram.me\/share\/url?url=https%3A%2F%2Fshih.mso.re%2Far%2Fwp-json%2Fwp%2Fv2%2Fpages%2F3&amp;text=Privacy+Policy\">\n\n                            <div class=\"xs-social-icon\">\n                                <span class=\"met-social met-social-telegram\"><\/span>\n                            <\/div>\n\n\t\t\t\t\t\t\t\n                            <div class=\"wslu-hover-content\">\n                                <div class=\"xs-social-followers\">\n\t\t\t\t\t\t\t\t\t0                                <\/div>\n                                <div class=\"xs-social-follower-text\">\n\t\t\t\t\t\t\t\t\t                                <\/div>\n                                <div class=\"xs-social-follower-label\">\n\t\t\t\t\t\t\t\t\tTelegram                                <\/div>\n                            <\/div>\n                        <\/a>\n                    <\/li>\n\t\t\t\t\t                    <li class=\"xs-share-li email                        wslu-no-extra-data\">\n                        <a href=\"javascript:void(0);\"\n                           id=\"xs_feed_email\"\n                           onclick=\"xs_social_sharer(this);\"\n                           data-pid=\"3\"\n                           data-uri_hash=\"ebd0a9e4d397eae34b326f0268f96a82\"\n                           data-key=\"email\"\n                           data-xs-href=\"mailto:?body=Title%3A+Privacy+Policy+%5Cn%5Cn+URL%3A+https%3A%2F%2Fshih.mso.re%2Far%2Fwp-json%2Fwp%2Fv2%2Fpages%2F3&amp;subject=Privacy+Policy\">\n\n                            <div class=\"xs-social-icon\">\n                                <span class=\"met-social met-social-email\"><\/span>\n                            <\/div>\n\n\t\t\t\t\t\t\t\n                            <div class=\"wslu-hover-content\">\n                                <div class=\"xs-social-followers\">\n\t\t\t\t\t\t\t\t\t0                                <\/div>\n                                <div class=\"xs-social-follower-text\">\n\t\t\t\t\t\t\t\t\t                                <\/div>\n                                <div class=\"xs-social-follower-label\">\n\t\t\t\t\t\t\t\t\tEmail                                <\/div>\n                            <\/div>\n                        <\/a>\n                    <\/li>\n\t\t\t\t\t        <\/ul>\n    <\/div> \n\n<div class=\"wp-block-group\"><div class=\"wp-block-group__inner-container is-layout-constrained wp-block-group-is-layout-constrained\">\n<div class=\"wp-block-columns  block-e44a42dc-cbea-47d3-b5d0-3bd50c6f7578 block-7f512677-c2ca-4e9f-9bb1-db5a6cfd0cdf is-layout-flex wp-container-core-columns-is-layout-9d6595d7 wp-block-columns-is-layout-flex\">\n<div class=\"wp-block-column gutenova-block-column block-78d26ff2-2750-4723-9cb5-c444a12d5bf3 is-layout-flow wp-block-column-is-layout-flow\" style=\"flex-basis:100%\">\n<p><strong>Kush jemi ne?<\/strong><br>\nTeksti i sugjeruar: Adresa jon\u00eb e internetit \u00ebsht\u00eb: https:\/\/shih.mso.re.<\/p>\n<\/div>\n<\/div>\n\n\n\n<p><strong>Komentet<\/strong><br>Teksti i sugjeruar: Kur vizitor\u00ebt l\u00ebn\u00eb komente n\u00eb sajt, ne mbledhim t\u00eb dh\u00ebnat e paraqitura n\u00eb formularin e komenteve. Ne mbledhim gjithashtu adres\u00ebn IP t\u00eb vizitorit dhe vargun e agjentit t\u00eb p\u00ebrdoruesit t\u00eb shfletuesit p\u00ebr t\u00eb ndihmuar me zbulimin e post\u00ebs s\u00eb pad\u00ebshiruar.<\/p>\n<\/div><\/div>\n\n\n\n<p><strong>Nj\u00eb varg anonim \u00ebsht\u00eb krijuar nga adresa juaj e emailit.<\/strong> Ky varg, i quajtur gjithashtu hash, mund t&#8217;i ofrohet sh\u00ebrbimit Gravatar p\u00ebr t\u00eb par\u00eb n\u00ebse po e p\u00ebrdorni. Politika e privat\u00ebsis\u00eb s\u00eb sh\u00ebrbimit Gravatar \u00ebsht\u00eb e disponueshme k\u00ebtu: https:\/\/automattic.com\/privacy\/. Pas miratimit t\u00eb komentit tuaj, fotografia juaj e profilit \u00ebsht\u00eb e dukshme p\u00ebr publikun n\u00eb kontekstin e komentit tuaj.<\/p>\n\n\n\n<p><strong>Media<\/strong><br><strong>Teksti i sugjeruar:<\/strong><\/p>\n\n\n\n<p>N\u00ebse ngarkoni imazhe n\u00eb faqen e internetit, duhet t\u00eb shmangni p\u00ebrfshirjen e t\u00eb dh\u00ebnave t\u00eb ngulitura t\u00eb vendndodhjes. Kjo p\u00ebrfshin EXIF GPS. Vizitor\u00ebt n\u00eb faqen e internetit mund t\u00eb shkarkojn\u00eb dhe nxjerrin \u00e7do t\u00eb dh\u00ebn\u00eb t\u00eb vendndodhjes nga imazhet n\u00eb faqen e internetit.<\/p>\n\n\n\n<p><strong>Biskota<\/strong><br>Teksti i sugjeruar: N\u00ebse lini nj\u00eb koment n\u00eb faqen ton\u00eb, ju mund t\u00eb zgjidhni t\u00eb ruani emrin tuaj. Ju gjithashtu mund t\u00eb zgjidhni t\u00eb ruani adres\u00ebn tuaj t\u00eb emailit dhe faqen e internetit n\u00eb cookie. Ky opsion \u00ebsht\u00eb i disponuesh\u00ebm p\u00ebr leht\u00ebsin\u00eb tuaj. Kjo siguron q\u00eb ju t\u00eb mos keni nevoj\u00eb t\u00eb plot\u00ebsoni p\u00ebrs\u00ebri t\u00eb dh\u00ebnat tuaja kur t\u00eb lini nj\u00eb koment tjet\u00ebr. K\u00ebto biskota do t\u00eb zgjasin p\u00ebr nj\u00eb vit.<\/p>\n\n\n\n<p><strong>N\u00ebse vizitoni faqen ton\u00eb t\u00eb identifikimit,<\/strong> ne do t\u00eb vendosim nj\u00eb cookie t\u00eb p\u00ebrkohshme. Kjo do t\u00eb na tregoj\u00eb n\u00ebse shfletuesi juaj pranon cookie. Kjo cookie nuk p\u00ebrmban t\u00eb dh\u00ebna personale dhe hidhet posht\u00eb kur mbyllni shfletuesin tuaj.<\/p>\n\n\n\n<p><strong>Ne do t\u00eb konfigurojm\u00eb disa cookie kur t\u00eb identifikoheni.<\/strong> K\u00ebto cookie ruajn\u00eb informacionin tuaj t\u00eb hyrjes dhe zgjedhjet e shfaqjes s\u00eb ekranit tuaj. Kukit e hyrjes zgjasin dy dit\u00eb, dhe skedar\u00ebt e opsioneve t\u00eb ekranit zgjasin nj\u00eb vit. N\u00ebse zgjidhni &#8220;M\u00eb mbaj mend&#8221;. Hyrja juaj do t\u00eb vazhdoj\u00eb p\u00ebr dy jav\u00eb. N\u00ebse dilni nga llogaria juaj, cookie-t e hyrjes do t\u00eb hiqen.<\/p>\n\n\n\n<p><strong>N\u00ebse redaktoni ose publikoni nj\u00eb artikull, <\/strong>nj\u00eb cookie shtes\u00eb do t\u00eb ruhet n\u00eb shfletuesin tuaj. Kjo cookie nuk p\u00ebrfshin t\u00eb dh\u00ebna personale dhe thjesht tregon ID-n\u00eb e postimit t\u00eb artikullit q\u00eb sapo keni redaktuar. Skadon pas 1 dite.<\/p>\n\n\n\n<p><strong>P\u00ebrmbajtje e integruar nga faqet e tjera t\u00eb internetit<br>Teksti i sugjeruar:<\/strong><\/p>\n\n\n\n<p>Artikujt n\u00eb k\u00ebt\u00eb sajt mund t\u00eb p\u00ebrfshijn\u00eb p\u00ebrmbajtje t\u00eb integruar (p.sh. video, imazhe, artikuj, etj.). P\u00ebrmbajtja e integruar nga faqet e tjera t\u00eb internetit sillet n\u00eb t\u00eb nj\u00ebjt\u00ebn m\u00ebnyr\u00eb. \u00cbsht\u00eb sikur vizitori t\u00eb ket\u00eb vizituar faqen tjet\u00ebr t\u00eb internetit.<\/p>\n\n\n\n<p>K\u00ebto faqe interneti mund t\u00eb mbledhin t\u00eb dh\u00ebna p\u00ebr ju dhe t\u00eb p\u00ebrdorin cookie. Ata mund t\u00eb vendosin gjurmim shtes\u00eb t\u00eb pal\u00ebve t\u00eb treta dhe t\u00eb monitorojn\u00eb nd\u00ebrveprimin tuaj me at\u00eb p\u00ebrmbajtje t\u00eb integruar. Kjo p\u00ebrfshin ndjekjen e nd\u00ebrveprimit tuaj me p\u00ebrmbajtjen e integruar. Kjo ndodh n\u00ebse keni nj\u00eb llogari dhe jeni regjistruar n\u00eb at\u00eb faqe interneti.<\/p>\n\n\n\n<p><strong>Me k\u00eb i ndajm\u00eb t\u00eb dh\u00ebnat tuaja<\/strong><\/p>\n\n\n\n<p>Teksti i sugjeruar: N\u00ebse k\u00ebrkoni nj\u00eb rivendosje t\u00eb fjal\u00ebkalimit, adresa juaj IP do t\u00eb p\u00ebrfshihet n\u00eb emailin e rivendosur.<\/p>\n\n\n\n<p><strong>P\u00ebr sa koh\u00eb i ruajm\u00eb t\u00eb dh\u00ebnat tuaja<\/strong><\/p>\n\n\n\n<p>Teksti i sugjeruar: N\u00ebse lini nj\u00eb koment, komenti dhe meta t\u00eb dh\u00ebnat e tij mbahen p\u00ebr nj\u00eb koh\u00eb t\u00eb pacaktuar. Kjo \u00ebsht\u00eb k\u00ebshtu q\u00eb ne t\u00eb mund t\u00eb njohim dhe miratojm\u00eb \u00e7do koment pasues automatikisht n\u00eb vend q\u00eb t&#8217;i mbajm\u00eb n\u00eb nj\u00eb radh\u00eb moderimi.<\/p>\n\n\n\n<p>Ne ruajm\u00eb informacionin personal t\u00eb dh\u00ebn\u00eb nga p\u00ebrdoruesit q\u00eb regjistrohen n\u00eb faqen ton\u00eb t\u00eb internetit. N\u00eb profilin e tyre t\u00eb p\u00ebrdoruesit.<\/p>\n\n\n\n<p>T\u00eb gjith\u00eb p\u00ebrdoruesit mund t\u00eb shohin, modifikojn\u00eb ose fshijn\u00eb informacionin e tyre personal n\u00eb \u00e7do koh\u00eb. (p\u00ebrve\u00e7 q\u00eb nuk mund t\u00eb ndryshojn\u00eb emrin e p\u00ebrdoruesit). Administrator\u00ebt e faqes n\u00eb internet mund t\u00eb shohin dhe modifikojn\u00eb gjithashtu at\u00eb informacion.<\/p>\n\n\n\n<p><strong>\u00c7far\u00eb t\u00eb drejtash keni mbi t\u00eb dh\u00ebnat tuaja:<\/strong><\/p>\n\n\n\n<p>Teksti i sugjeruar: N\u00ebse keni nj\u00eb llogari n\u00eb k\u00ebt\u00eb sajt, mund t\u00eb b\u00ebni nj\u00eb k\u00ebrkes\u00eb. Ju mund t\u00eb k\u00ebrkoni t\u00eb merrni nj\u00eb skedar t\u00eb eksportuar t\u00eb t\u00eb dh\u00ebnave tuaja personale. Kjo vlen edhe n\u00ebse keni l\u00ebn\u00eb komente. Kjo p\u00ebrfshin \u00e7do t\u00eb dh\u00ebn\u00eb q\u00eb na keni dh\u00ebn\u00eb. Ju gjithashtu mund t\u00eb k\u00ebrkoni q\u00eb ne t\u00eb fshijm\u00eb \u00e7do t\u00eb dh\u00ebn\u00eb personale q\u00eb mbajm\u00eb p\u00ebr ju. Kjo nuk p\u00ebrfshin asnj\u00eb t\u00eb dh\u00ebn\u00eb q\u00eb ne jemi t\u00eb detyruar t\u00eb mbajm\u00eb p\u00ebr q\u00ebllime administrative, ligjore ose sigurie.<\/p>\n\n\n\n<p>Ku d\u00ebrgohen t\u00eb dh\u00ebnat tuaja<br>Teksti i sugjeruar: Komentet e vizitor\u00ebve mund t\u00eb kontrollohen. N\u00ebp\u00ebrmjet nj\u00eb sh\u00ebrbimi t\u00eb automatizuar t\u00eb zbulimit t\u00eb post\u00ebs s\u00eb pad\u00ebshiruar.<\/p>","protected":false},"excerpt":{"rendered":"<p>0 Facebook 0 Twitter 0 Linkedin 0 Facebook-messenger 0 Whatsapp 0 Telegram 0 Email Kush jemi ne? Teksti i sugjeruar: Adresa jon\u00eb e internetit \u00ebsht\u00eb: https:\/\/shih.mso.re. KomentetTeksti i sugjeruar: Kur vizitor\u00ebt l\u00ebn\u00eb komente n\u00eb sajt, ne mbledhim t\u00eb dh\u00ebnat e paraqitura n\u00eb formularin e komenteve. Ne mbledhim gjithashtu adres\u00ebn IP t\u00eb vizitorit dhe vargun e [&hellip;]<\/p>","protected":false},"author":1,"featured_media":0,"parent":0,"menu_order":0,"comment_status":"closed","ping_status":"closed","template":"","meta":{"footnotes":""},"class_list":["post-3","page","type-page","status-publish"],"yoast_head":"<!-- This site is optimized with the Yoast SEO Premium plugin v23.7 (Yoast SEO v27.4) - https:\/\/yoast.com\/product\/yoast-seo-premium-wordpress\/ -->\n<title>Privacy Policy - Shih Mso Re<\/title>\n<meta name=\"robots\" content=\"noindex, follow, max-snippet:-1, max-image-preview:large, max-video-preview:-1\" \/>\n<meta property=\"og:locale\" content=\"ar_AR\" \/>\n<meta property=\"og:type\" content=\"article\" \/>\n<meta property=\"og:title\" content=\"Privacy Policy\" \/>\n<meta property=\"og:description\" content=\"0 Facebook 0 Twitter 0 Linkedin 0 Facebook-messenger 0 Whatsapp 0 Telegram 0 Email Kush jemi ne? Teksti i sugjeruar: Adresa jon\u00eb e internetit \u00ebsht\u00eb: https:\/\/shih.mso.re. KomentetTeksti i sugjeruar: Kur vizitor\u00ebt l\u00ebn\u00eb komente n\u00eb sajt, ne mbledhim t\u00eb dh\u00ebnat e paraqitura n\u00eb formularin e komenteve. Ne mbledhim gjithashtu adres\u00ebn IP t\u00eb vizitorit dhe vargun e [&hellip;]\" \/>\n<meta property=\"og:url\" content=\"https:\/\/shih.mso.re\/ar\/privacy-policy\/\" \/>\n<meta property=\"og:site_name\" content=\"Shih Mso Re\" \/>\n<meta property=\"article:modified_time\" content=\"2025-02-08T11:42:13+00:00\" \/>\n<meta name=\"twitter:card\" content=\"summary_large_image\" \/>\n<meta name=\"twitter:label1\" content=\"\u0648\u0642\u062a \u0627\u0644\u0642\u0631\u0627\u0621\u0629 \u0627\u0644\u0645\u064f\u0642\u062f\u0651\u0631\" \/>\n\t<meta name=\"twitter:data1\" content=\"4 \u062f\u0642\u0627\u0626\u0642\" \/>\n<script type=\"application\/ld+json\" class=\"yoast-schema-graph\">{\"@context\":\"https:\\\/\\\/schema.org\",\"@graph\":[{\"@type\":\"WebPage\",\"@id\":\"https:\\\/\\\/shih.mso.re\\\/privacy-policy\\\/\",\"url\":\"https:\\\/\\\/shih.mso.re\\\/privacy-policy\\\/\",\"name\":\"Privacy Policy - Shih Mso Re\",\"isPartOf\":{\"@id\":\"https:\\\/\\\/shih.mso.re\\\/#website\"},\"datePublished\":\"2024-10-31T18:18:00+00:00\",\"dateModified\":\"2025-02-08T11:42:13+00:00\",\"breadcrumb\":{\"@id\":\"https:\\\/\\\/shih.mso.re\\\/privacy-policy\\\/#breadcrumb\"},\"inLanguage\":\"ar\",\"potentialAction\":[{\"@type\":\"ReadAction\",\"target\":[\"https:\\\/\\\/shih.mso.re\\\/privacy-policy\\\/\"]}]},{\"@type\":\"BreadcrumbList\",\"@id\":\"https:\\\/\\\/shih.mso.re\\\/privacy-policy\\\/#breadcrumb\",\"itemListElement\":[{\"@type\":\"ListItem\",\"position\":1,\"name\":\"Home\",\"item\":\"https:\\\/\\\/shih.mso.re\\\/\"},{\"@type\":\"ListItem\",\"position\":2,\"name\":\"Privacy Policy\"}]},{\"@type\":\"WebSite\",\"@id\":\"https:\\\/\\\/shih.mso.re\\\/#website\",\"url\":\"https:\\\/\\\/shih.mso.re\\\/\",\"name\":\"Mso Re\",\"description\":\"\",\"publisher\":{\"@id\":\"https:\\\/\\\/shih.mso.re\\\/#\\\/schema\\\/person\\\/72cba611081555b1d2b1b568593f0446\"},\"potentialAction\":[{\"@type\":\"SearchAction\",\"target\":{\"@type\":\"EntryPoint\",\"urlTemplate\":\"https:\\\/\\\/shih.mso.re\\\/?s={search_term_string}\"},\"query-input\":{\"@type\":\"PropertyValueSpecification\",\"valueRequired\":true,\"valueName\":\"search_term_string\"}}],\"inLanguage\":\"ar\"},{\"@type\":[\"Person\",\"Organization\"],\"@id\":\"https:\\\/\\\/shih.mso.re\\\/#\\\/schema\\\/person\\\/72cba611081555b1d2b1b568593f0446\",\"name\":\"muslim.brami\",\"image\":{\"@type\":\"ImageObject\",\"inLanguage\":\"ar\",\"@id\":\"https:\\\/\\\/i0.wp.com\\\/shih.mso.re\\\/wp-content\\\/uploads\\\/2025\\\/02\\\/shih-1-e1738930526135.png?fit=309%2C308&ssl=1\",\"url\":\"https:\\\/\\\/i0.wp.com\\\/shih.mso.re\\\/wp-content\\\/uploads\\\/2025\\\/02\\\/shih-1-e1738930526135.png?fit=309%2C308&ssl=1\",\"contentUrl\":\"https:\\\/\\\/i0.wp.com\\\/shih.mso.re\\\/wp-content\\\/uploads\\\/2025\\\/02\\\/shih-1-e1738930526135.png?fit=309%2C308&ssl=1\",\"width\":309,\"height\":308,\"caption\":\"muslim.brami\"},\"logo\":{\"@id\":\"https:\\\/\\\/i0.wp.com\\\/shih.mso.re\\\/wp-content\\\/uploads\\\/2025\\\/02\\\/shih-1-e1738930526135.png?fit=309%2C308&ssl=1\"},\"sameAs\":[\"https:\\\/\\\/shih.mso.re\"],\"publishingPrinciples\":\"https:\\\/\\\/shih.mso.re\\\/shop\\\/\",\"ownershipFundingInfo\":\"https:\\\/\\\/shih.mso.re\\\/checkout\\\/\"}]}<\/script>\n<!-- \/ Yoast SEO Premium plugin. -->","yoast_head_json":{"title":"Privacy Policy - Shih Mso Re","robots":{"index":"noindex","follow":"follow","max-snippet":"max-snippet:-1","max-image-preview":"max-image-preview:large","max-video-preview":"max-video-preview:-1"},"og_locale":"ar_AR","og_type":"article","og_title":"Privacy Policy","og_description":"0 Facebook 0 Twitter 0 Linkedin 0 Facebook-messenger 0 Whatsapp 0 Telegram 0 Email Kush jemi ne? Teksti i sugjeruar: Adresa jon\u00eb e internetit \u00ebsht\u00eb: https:\/\/shih.mso.re. KomentetTeksti i sugjeruar: Kur vizitor\u00ebt l\u00ebn\u00eb komente n\u00eb sajt, ne mbledhim t\u00eb dh\u00ebnat e paraqitura n\u00eb formularin e komenteve. Ne mbledhim gjithashtu adres\u00ebn IP t\u00eb vizitorit dhe vargun e [&hellip;]","og_url":"https:\/\/shih.mso.re\/ar\/privacy-policy\/","og_site_name":"Shih Mso Re","article_modified_time":"2025-02-08T11:42:13+00:00","twitter_card":"summary_large_image","twitter_misc":{"\u0648\u0642\u062a \u0627\u0644\u0642\u0631\u0627\u0621\u0629 \u0627\u0644\u0645\u064f\u0642\u062f\u0651\u0631":"4 \u062f\u0642\u0627\u0626\u0642"},"schema":{"@context":"https:\/\/schema.org","@graph":[{"@type":"WebPage","@id":"https:\/\/shih.mso.re\/privacy-policy\/","url":"https:\/\/shih.mso.re\/privacy-policy\/","name":"Privacy Policy - Shih Mso Re","isPartOf":{"@id":"https:\/\/shih.mso.re\/#website"},"datePublished":"2024-10-31T18:18:00+00:00","dateModified":"2025-02-08T11:42:13+00:00","breadcrumb":{"@id":"https:\/\/shih.mso.re\/privacy-policy\/#breadcrumb"},"inLanguage":"ar","potentialAction":[{"@type":"ReadAction","target":["https:\/\/shih.mso.re\/privacy-policy\/"]}]},{"@type":"BreadcrumbList","@id":"https:\/\/shih.mso.re\/privacy-policy\/#breadcrumb","itemListElement":[{"@type":"ListItem","position":1,"name":"Home","item":"https:\/\/shih.mso.re\/"},{"@type":"ListItem","position":2,"name":"Privacy Policy"}]},{"@type":"WebSite","@id":"https:\/\/shih.mso.re\/#website","url":"https:\/\/shih.mso.re\/","name":"Mso Re","description":"","publisher":{"@id":"https:\/\/shih.mso.re\/#\/schema\/person\/72cba611081555b1d2b1b568593f0446"},"potentialAction":[{"@type":"SearchAction","target":{"@type":"EntryPoint","urlTemplate":"https:\/\/shih.mso.re\/?s={search_term_string}"},"query-input":{"@type":"PropertyValueSpecification","valueRequired":true,"valueName":"search_term_string"}}],"inLanguage":"ar"},{"@type":["Person","Organization"],"@id":"https:\/\/shih.mso.re\/#\/schema\/person\/72cba611081555b1d2b1b568593f0446","name":"muslim.brami","image":{"@type":"ImageObject","inLanguage":"ar","@id":"https:\/\/i0.wp.com\/shih.mso.re\/wp-content\/uploads\/2025\/02\/shih-1-e1738930526135.png?fit=309%2C308&ssl=1","url":"https:\/\/i0.wp.com\/shih.mso.re\/wp-content\/uploads\/2025\/02\/shih-1-e1738930526135.png?fit=309%2C308&ssl=1","contentUrl":"https:\/\/i0.wp.com\/shih.mso.re\/wp-content\/uploads\/2025\/02\/shih-1-e1738930526135.png?fit=309%2C308&ssl=1","width":309,"height":308,"caption":"muslim.brami"},"logo":{"@id":"https:\/\/i0.wp.com\/shih.mso.re\/wp-content\/uploads\/2025\/02\/shih-1-e1738930526135.png?fit=309%2C308&ssl=1"},"sameAs":["https:\/\/shih.mso.re"],"publishingPrinciples":"https:\/\/shih.mso.re\/shop\/","ownershipFundingInfo":"https:\/\/shih.mso.re\/checkout\/"}]}},"jetpack_sharing_enabled":true,"jetpack_likes_enabled":true,"jetpack-related-posts":[{"id":49,"url":"https:\/\/shih.mso.re\/ar\/refund_returns\/","url_meta":{"origin":3,"position":0},"title":"Refund and Returns Policy","author":"muslim.brami","date":"03\/11\/2024","format":false,"excerpt":"Kjo \u00ebsht\u00eb nj\u00eb faqe shembulli. V\u00ebshtrim i p\u00ebrgjithsh\u00ebm Politika jon\u00eb e rimbursimit dhe kthimit zgjat 30 dit\u00eb. N\u00ebse kan\u00eb kaluar 30 dit\u00eb nga blerja juaj, ne nuk mund t'ju ofrojm\u00eb rimbursim ose shk\u00ebmbim t\u00eb plot\u00eb. P\u00ebr t'u kualifikuar p\u00ebr kthim. Artikulli juaj duhet t\u00eb jet\u00eb i pap\u00ebrdorur dhe n\u00eb t\u00eb\u2026","rel":"","context":"\u062a\u062f\u0648\u064a\u0646\u0629 \u0645\u0634\u0627\u0628\u0647\u0629","block_context":{"text":"\u062a\u062f\u0648\u064a\u0646\u0629 \u0645\u0634\u0627\u0628\u0647\u0629","link":""},"img":{"alt_text":"","src":"","width":0,"height":0},"classes":[]}],"jetpack_shortlink":"https:\/\/wp.me\/Pg8mzc-3","_links":{"self":[{"href":"https:\/\/shih.mso.re\/ar\/wp-json\/wp\/v2\/pages\/3","targetHints":{"allow":["GET"]}}],"collection":[{"href":"https:\/\/shih.mso.re\/ar\/wp-json\/wp\/v2\/pages"}],"about":[{"href":"https:\/\/shih.mso.re\/ar\/wp-json\/wp\/v2\/types\/page"}],"author":[{"embeddable":true,"href":"https:\/\/shih.mso.re\/ar\/wp-json\/wp\/v2\/users\/1"}],"replies":[{"embeddable":true,"href":"https:\/\/shih.mso.re\/ar\/wp-json\/wp\/v2\/comments?post=3"}],"version-history":[{"count":4,"href":"https:\/\/shih.mso.re\/ar\/wp-json\/wp\/v2\/pages\/3\/revisions"}],"predecessor-version":[{"id":632,"href":"https:\/\/shih.mso.re\/ar\/wp-json\/wp\/v2\/pages\/3\/revisions\/632"}],"wp:attachment":[{"href":"https:\/\/shih.mso.re\/ar\/wp-json\/wp\/v2\/media?parent=3"}],"curies":[{"name":"wp","href":"https:\/\/api.w.org\/{rel}","templated":true}]}}