{"id":49,"date":"2024-11-03T20:22:40","date_gmt":"2024-11-03T20:22:40","guid":{"rendered":"https:\/\/shih.mso.re\/?page_id=49"},"modified":"2025-02-08T11:54:28","modified_gmt":"2025-02-08T11:54:28","slug":"refund_returns","status":"publish","type":"page","link":"https:\/\/shih.mso.re\/sq\/refund_returns\/","title":{"rendered":"Refund and Returns Policy"},"content":{"rendered":"<div class=\"xs_social_share_widget xs_share_url before_content \t\tmain_content  wslu-style-3 wslu-share-box-shaped wslu-fill-brand-hover-colored wslu-share-m-5 wslu-none wslu-share-horizontal wslu-theme-font-yes wslu-main_content\">\n\n\t\t\n        <ul>\n\t\t\t                    <li class=\"xs-share-li facebook                        wslu-no-extra-data\">\n                        <a href=\"javascript:void(0);\"\n                           id=\"xs_feed_facebook\"\n                           onclick=\"xs_social_sharer(this);\"\n                           data-pid=\"49\"\n                           data-uri_hash=\"e599fd01df283a36fd351bd4d4148373\"\n                           data-key=\"facebook\"\n                           data-xs-href=\"http:\/\/www.facebook.com\/sharer.php?u=https%3A%2F%2Fshih.mso.re%2Fsq%2Fwp-json%2Fwp%2Fv2%2Fpages%2F49&amp;t=Refund+and+Returns+Policy&amp;v=3\">\n\n                            <div class=\"xs-social-icon\">\n                                <span class=\"met-social met-social-facebook\"><\/span>\n                            <\/div>\n\n\t\t\t\t\t\t\t\n                            <div class=\"wslu-hover-content\">\n                                <div class=\"xs-social-followers\">\n\t\t\t\t\t\t\t\t\t0                                <\/div>\n                                <div class=\"xs-social-follower-text\">\n\t\t\t\t\t\t\t\t\t                                <\/div>\n                                <div class=\"xs-social-follower-label\">\n\t\t\t\t\t\t\t\t\tFacebook                                <\/div>\n                            <\/div>\n                        <\/a>\n                    <\/li>\n\t\t\t\t\t                    <li class=\"xs-share-li twitter                        wslu-no-extra-data\">\n                        <a href=\"javascript:void(0);\"\n                           id=\"xs_feed_twitter\"\n                           onclick=\"xs_social_sharer(this);\"\n                           data-pid=\"49\"\n                           data-uri_hash=\"e599fd01df283a36fd351bd4d4148373\"\n                           data-key=\"twitter\"\n                           data-xs-href=\"https:\/\/twitter.com\/intent\/tweet?text=Refund+and+Returns+Policy+https%3A%2F%2Fshih.mso.re%2Fsq%2Fwp-json%2Fwp%2Fv2%2Fpages%2F49&amp;original_referer=https%3A%2F%2Fshih.mso.re%2Fsq%2Fwp-json%2Fwp%2Fv2%2Fpages%2F49&amp;related=xpeedstudio\">\n\n                            <div class=\"xs-social-icon\">\n                                <span class=\"met-social met-social-twitter\"><\/span>\n                            <\/div>\n\n\t\t\t\t\t\t\t\n                            <div class=\"wslu-hover-content\">\n                                <div class=\"xs-social-followers\">\n\t\t\t\t\t\t\t\t\t0                                <\/div>\n                                <div class=\"xs-social-follower-text\">\n\t\t\t\t\t\t\t\t\t                                <\/div>\n                                <div class=\"xs-social-follower-label\">\n\t\t\t\t\t\t\t\t\tTwitter                                <\/div>\n                            <\/div>\n                        <\/a>\n                    <\/li>\n\t\t\t\t\t                    <li class=\"xs-share-li linkedin                        wslu-no-extra-data\">\n                        <a href=\"javascript:void(0);\"\n                           id=\"xs_feed_linkedin\"\n                           onclick=\"xs_social_sharer(this);\"\n                           data-pid=\"49\"\n                           data-uri_hash=\"e599fd01df283a36fd351bd4d4148373\"\n                           data-key=\"linkedin\"\n                           data-xs-href=\"https:\/\/www.linkedin.com\/shareArticle?url=https%3A%2F%2Fshih.mso.re%2Fsq%2Fwp-json%2Fwp%2Fv2%2Fpages%2F49&amp;title=Refund+and+Returns+Policy&amp;summary=&amp;source=Shih+Mso+Re&amp;mini=1\">\n\n                            <div class=\"xs-social-icon\">\n                                <span class=\"met-social met-social-linkedin\"><\/span>\n                            <\/div>\n\n\t\t\t\t\t\t\t\n                            <div class=\"wslu-hover-content\">\n                                <div class=\"xs-social-followers\">\n\t\t\t\t\t\t\t\t\t0                                <\/div>\n                                <div class=\"xs-social-follower-text\">\n\t\t\t\t\t\t\t\t\t                                <\/div>\n                                <div class=\"xs-social-follower-label\">\n\t\t\t\t\t\t\t\t\tLinkedin                                <\/div>\n                            <\/div>\n                        <\/a>\n                    <\/li>\n\t\t\t\t\t                    <li class=\"xs-share-li facebook-messenger                        wslu-no-extra-data\">\n                        <a href=\"javascript:void(0);\"\n                           id=\"xs_feed_facebook-messenger\"\n                           onclick=\"xs_social_sharer(this);\"\n                           data-pid=\"49\"\n                           data-uri_hash=\"e599fd01df283a36fd351bd4d4148373\"\n                           data-key=\"facebook-messenger\"\n                           data-xs-href=\"https:\/\/www.facebook.com\/dialog\/send?link=https%3A%2F%2Fshih.mso.re%2Fsq%2Fwp-json%2Fwp%2Fv2%2Fpages%2F49&amp;redirect_uri=https%3A%2F%2Fshih.mso.re%2Fsq%2Fwp-json%2Fwp%2Fv2%2Fpages%2F49&amp;display=popup&amp;app_id=2577123062406162\">\n\n                            <div class=\"xs-social-icon\">\n                                <span class=\"met-social met-social-facebook-messenger\"><\/span>\n                            <\/div>\n\n\t\t\t\t\t\t\t\n                            <div class=\"wslu-hover-content\">\n                                <div class=\"xs-social-followers\">\n\t\t\t\t\t\t\t\t\t0                                <\/div>\n                                <div class=\"xs-social-follower-text\">\n\t\t\t\t\t\t\t\t\t                                <\/div>\n                                <div class=\"xs-social-follower-label\">\n\t\t\t\t\t\t\t\t\tFacebook-messenger                                <\/div>\n                            <\/div>\n                        <\/a>\n                    <\/li>\n\t\t\t\t\t                    <li class=\"xs-share-li whatsapp                        wslu-no-extra-data\">\n                        <a href=\"javascript:void(0);\"\n                           id=\"xs_feed_whatsapp\"\n                           onclick=\"xs_social_sharer(this);\"\n                           data-pid=\"49\"\n                           data-uri_hash=\"e599fd01df283a36fd351bd4d4148373\"\n                           data-key=\"whatsapp\"\n                           data-xs-href=\"whatsapp:\/\/send?text=Refund+and+Returns+Policy+https%3A%2F%2Fshih.mso.re%2Fsq%2Fwp-json%2Fwp%2Fv2%2Fpages%2F49\">\n\n                            <div class=\"xs-social-icon\">\n                                <span class=\"met-social met-social-whatsapp\"><\/span>\n                            <\/div>\n\n\t\t\t\t\t\t\t\n                            <div class=\"wslu-hover-content\">\n                                <div class=\"xs-social-followers\">\n\t\t\t\t\t\t\t\t\t0                                <\/div>\n                                <div class=\"xs-social-follower-text\">\n\t\t\t\t\t\t\t\t\t                                <\/div>\n                                <div class=\"xs-social-follower-label\">\n\t\t\t\t\t\t\t\t\tWhatsapp                                <\/div>\n                            <\/div>\n                        <\/a>\n                    <\/li>\n\t\t\t\t\t                    <li class=\"xs-share-li telegram                        wslu-no-extra-data\">\n                        <a href=\"javascript:void(0);\"\n                           id=\"xs_feed_telegram\"\n                           onclick=\"xs_social_sharer(this);\"\n                           data-pid=\"49\"\n                           data-uri_hash=\"e599fd01df283a36fd351bd4d4148373\"\n                           data-key=\"telegram\"\n                           data-xs-href=\"https:\/\/telegram.me\/share\/url?url=https%3A%2F%2Fshih.mso.re%2Fsq%2Fwp-json%2Fwp%2Fv2%2Fpages%2F49&amp;text=Refund+and+Returns+Policy\">\n\n                            <div class=\"xs-social-icon\">\n                                <span class=\"met-social met-social-telegram\"><\/span>\n                            <\/div>\n\n\t\t\t\t\t\t\t\n                            <div class=\"wslu-hover-content\">\n                                <div class=\"xs-social-followers\">\n\t\t\t\t\t\t\t\t\t0                                <\/div>\n                                <div class=\"xs-social-follower-text\">\n\t\t\t\t\t\t\t\t\t                                <\/div>\n                                <div class=\"xs-social-follower-label\">\n\t\t\t\t\t\t\t\t\tTelegram                                <\/div>\n                            <\/div>\n                        <\/a>\n                    <\/li>\n\t\t\t\t\t                    <li class=\"xs-share-li email                        wslu-no-extra-data\">\n                        <a href=\"javascript:void(0);\"\n                           id=\"xs_feed_email\"\n                           onclick=\"xs_social_sharer(this);\"\n                           data-pid=\"49\"\n                           data-uri_hash=\"e599fd01df283a36fd351bd4d4148373\"\n                           data-key=\"email\"\n                           data-xs-href=\"mailto:?body=Title%3A+Refund+and+Returns+Policy+%5Cn%5Cn+URL%3A+https%3A%2F%2Fshih.mso.re%2Fsq%2Fwp-json%2Fwp%2Fv2%2Fpages%2F49&amp;subject=Refund+and+Returns+Policy\">\n\n                            <div class=\"xs-social-icon\">\n                                <span class=\"met-social met-social-email\"><\/span>\n                            <\/div>\n\n\t\t\t\t\t\t\t\n                            <div class=\"wslu-hover-content\">\n                                <div class=\"xs-social-followers\">\n\t\t\t\t\t\t\t\t\t0                                <\/div>\n                                <div class=\"xs-social-follower-text\">\n\t\t\t\t\t\t\t\t\t                                <\/div>\n                                <div class=\"xs-social-follower-label\">\n\t\t\t\t\t\t\t\t\tEmail                                <\/div>\n                            <\/div>\n                        <\/a>\n                    <\/li>\n\t\t\t\t\t        <\/ul>\n    <\/div> \n\n<p><strong>Kjo \u00ebsht\u00eb nj\u00eb faqe shembulli.<\/strong><\/p>\n\n\n\n<p><strong>V\u00ebshtrim i p\u00ebrgjithsh\u00ebm<\/strong><\/p>\n\n\n\n<p>Politika jon\u00eb e rimbursimit dhe kthimit zgjat 30 dit\u00eb. N\u00ebse kan\u00eb kaluar 30 dit\u00eb nga blerja juaj, ne nuk mund t&#8217;ju ofrojm\u00eb rimbursim ose shk\u00ebmbim t\u00eb plot\u00eb.<\/p>\n\n\n\n<p>P\u00ebr t&#8217;u kualifikuar p\u00ebr kthim. Artikulli juaj duhet t\u00eb jet\u00eb i pap\u00ebrdorur dhe n\u00eb t\u00eb nj\u00ebjt\u00ebn gjendje q\u00eb e keni marr\u00eb. Gjithashtu duhet t\u00eb jet\u00eb n\u00eb paketimin origjinal.<\/p>\n\n\n\n<p>Disa lloje mallrash p\u00ebrjashtohen nga kthimi. Mallrat q\u00eb prishen si ushqimi, lulet, gazetat ose revistat nuk mund t\u00eb kthehen. Ne gjithashtu nuk pranojm\u00eb produkte q\u00eb jan\u00eb mallra intime ose sanitare, materiale t\u00eb rrezikshme ose l\u00ebngje ose gazra t\u00eb ndezsh\u00ebm.<\/p>\n\n\n\n<p><strong>Artikuj shtes\u00eb t\u00eb pakthyesh\u00ebm:<\/strong><\/p>\n\n\n\n<p>Kartat e dhuratave<\/p>\n\n\n\n<p>Produkte softuerike t\u00eb shkarkueshme<\/p>\n\n\n\n<p>Disa sende sh\u00ebndet\u00ebsore dhe t\u00eb kujdesit personal<\/p>\n\n\n\n<p>P\u00ebr t\u00eb p\u00ebrfunduar kthimin tuaj, ne k\u00ebrkojm\u00eb nj\u00eb fatur\u00eb ose v\u00ebrtetim blerjeje.<\/p>\n\n\n\n<p>Ju lutemi, mos ia d\u00ebrgoni blerjen prodhuesit.<\/p>\n\n\n\n<p>Ka disa situata ku jepen vet\u00ebm rimbursime t\u00eb pjesshme:<\/p>\n\n\n\n<p>Lib\u00ebr me shenja t\u00eb dukshme p\u00ebrdorimi<\/p>\n\n\n\n<p>CD, DVD, kaset\u00eb VHS, softuer, loj\u00eb video, kaset\u00eb ose vinyl q\u00eb \u00ebsht\u00eb hapur.<\/p>\n\n\n\n<p>\u00c7do artikull q\u00eb nuk \u00ebsht\u00eb n\u00eb gjendjen e tij origjinale, \u00ebsht\u00eb i d\u00ebmtuar ose i mungon pjes\u00eb p\u00ebr arsye. q\u00eb nuk jan\u00eb p\u00ebr shkak t\u00eb gabimit ton\u00eb.<\/p>\n\n\n\n<p>\u00c7do artikull q\u00eb kthehet m\u00eb shum\u00eb se 30 dit\u00eb pas dor\u00ebzimit<\/p>\n\n\n\n<p><strong>Rimbursimet<\/strong><\/p>\n\n\n\n<p>Pasi kthimi juaj t\u00eb merret dhe inspektohet, ne do t&#8217;ju d\u00ebrgojm\u00eb nj\u00eb email. Ky email do t&#8217;ju njoftoj\u00eb se ne kemi marr\u00eb artikullin tuaj t\u00eb kthyer. Ne gjithashtu do t&#8217;ju njoftojm\u00eb p\u00ebr miratimin ose refuzimin e rimbursimit tuaj.<\/p>\n\n\n\n<p>N\u00ebse jeni miratuar, at\u00ebher\u00eb rimbursimi juaj do t\u00eb p\u00ebrpunohet. Nj\u00eb kredi do t\u00eb aplikohet automatikisht n\u00eb kart\u00ebn tuaj t\u00eb kreditit. Kjo do t\u00eb b\u00ebhet ose n\u00eb m\u00ebnyr\u00ebn origjinale t\u00eb pages\u00ebs brenda nj\u00eb sasie t\u00eb caktuar dit\u00ebsh.<\/p>\n\n\n\n<p><strong>Rimbursimet e vonuara ose mungojn\u00eb<\/strong><\/p>\n\n\n\n<p>N\u00ebse nuk keni marr\u00eb ende nj\u00eb rimbursim, fillimisht kontrolloni p\u00ebrs\u00ebri llogarin\u00eb tuaj bankare.<\/p>\n\n\n\n<p>Pastaj kontaktoni kompanin\u00eb tuaj t\u00eb kart\u00ebs s\u00eb kreditit, mund t\u00eb duhet pak koh\u00eb p\u00ebrpara se rimbursimi juaj t\u00eb postohet zyrtarisht.<\/p>\n\n\n\n<p>M\u00eb pas kontaktoni bank\u00ebn tuaj. Shpesh ka pak koh\u00eb p\u00ebrpunimi p\u00ebrpara se t\u00eb postohet nj\u00eb rimbursim.<\/p>\n\n\n\n<p>N\u00ebse i keni b\u00ebr\u00eb t\u00eb gjitha k\u00ebto dhe nuk keni marr\u00eb ende rimbursimin tuaj, ju lutemi na kontaktoni. Na shkruani n\u00eb {email address}.<\/p>\n\n\n\n<p><strong>Artikujt e shitjes<\/strong><\/p>\n\n\n\n<p>Mund t\u00eb rimbursohen vet\u00ebm artikujt me \u00e7mim t\u00eb rregullt. Artikujt e shitjes nuk mund t\u00eb rimbursohen.<\/p>\n\n\n\n<p><strong>Shk\u00ebmbimet<\/strong><\/p>\n\n\n\n<p>Ne i z\u00ebvend\u00ebsojm\u00eb artikujt vet\u00ebm n\u00ebse jan\u00eb t\u00eb d\u00ebmtuar ose t\u00eb d\u00ebmtuar. N\u00ebse keni nevoj\u00eb p\u00ebr ta shk\u00ebmbyer at\u00eb p\u00ebr t\u00eb nj\u00ebjtin artikull, na d\u00ebrgoni nj\u00eb email n\u00eb {email location}. Pastaj, d\u00ebrgoni artikullin tuaj n\u00eb: {physical address}.<\/p>\n\n\n\n<p><strong>Dhurata<\/strong><\/p>\n\n\n\n<p>N\u00ebse artikulli \u00ebsht\u00eb sh\u00ebnuar si dhurat\u00eb kur \u00ebsht\u00eb bler\u00eb, do t\u00eb merrni nj\u00eb kredit dhurat\u00eb. Artikulli duhet t\u00eb jet\u00eb d\u00ebrguar direkt tek ju. Ky kredit \u00ebsht\u00eb p\u00ebr vler\u00ebn e kthimit tuaj. Pasi t\u00eb merret artikulli i kthyer, do t&#8217;ju d\u00ebrgohet nj\u00eb certifikat\u00eb dhurat\u00eb.<\/p>\n\n\n\n<p>N\u00ebse artikulli nuk \u00ebsht\u00eb sh\u00ebnuar si dhurat\u00eb kur \u00ebsht\u00eb bler\u00eb, ne do t&#8217;i d\u00ebrgojm\u00eb nj\u00eb rimbursim dhurat\u00ebdh\u00ebn\u00ebsit. Ai do t\u00eb m\u00ebsoj\u00eb p\u00ebr kthimin tuaj.<\/p>\n\n\n\n<p><strong>Kthimet e transportit<\/strong><\/p>\n\n\n\n<p>P\u00ebr t\u00eb kthyer produktin tuaj, duhet ta d\u00ebrgoni produktin tuaj me post\u00eb n\u00eb: {physical address}.<\/p>\n\n\n\n<p>Ju do t\u00eb jeni p\u00ebrgjegj\u00ebs p\u00ebr t\u00eb paguar p\u00ebr kostot tuaja t\u00eb transportit p\u00ebr kthimin e artikullit tuaj. Kostot e transportit jan\u00eb t\u00eb pakthyeshme. N\u00ebse merrni nj\u00eb rimbursim, kostoja e transportit t\u00eb kthimit do t\u00eb zbritet nga rimbursimi juaj.<\/p>\n\n\n\n<p>N\u00eb var\u00ebsi t\u00eb vendit ku jetoni, koha q\u00eb mund t\u00eb duhet q\u00eb produkti juaj i shk\u00ebmbyer t\u00eb arrij\u00eb tek ju mund t\u00eb ndryshoj\u00eb.<\/p>\n\n\n\n<p>N\u00ebse po ktheni artikuj m\u00eb t\u00eb shtrenjt\u00eb, mund t\u00eb konsideroni p\u00ebrdorimin e nj\u00eb sh\u00ebrbimi transporti t\u00eb gjurmuesh\u00ebm. Ose mund t\u00eb blini sigurimin e transportit. Ne nuk garantojm\u00eb se do t\u00eb marrim artikullin tuaj t\u00eb kthyer.<\/p>\n\n\n\n<p>Keni nevoj\u00eb p\u00ebr ndihm\u00eb?<\/p>\n\n\n\n<p>Na kontaktoni n\u00eb {email} p\u00ebr pyetje n\u00eb lidhje me rimbursimet dhe kthimet.<\/p>","protected":false},"excerpt":{"rendered":"<p>0 Facebook 0 Twitter 0 Linkedin 0 Facebook-messenger 0 Whatsapp 0 Telegram 0 Email Kjo \u00ebsht\u00eb nj\u00eb faqe shembulli. V\u00ebshtrim i p\u00ebrgjithsh\u00ebm Politika jon\u00eb e rimbursimit dhe kthimit zgjat 30 dit\u00eb. N\u00ebse kan\u00eb kaluar 30 dit\u00eb nga blerja juaj, ne nuk mund t&#8217;ju ofrojm\u00eb rimbursim ose shk\u00ebmbim t\u00eb plot\u00eb. P\u00ebr t&#8217;u kualifikuar p\u00ebr kthim. Artikulli [&hellip;]<\/p>","protected":false},"author":1,"featured_media":0,"parent":0,"menu_order":0,"comment_status":"closed","ping_status":"closed","template":"","meta":{"footnotes":""},"class_list":["post-49","page","type-page","status-publish"],"yoast_head":"<!-- This site is optimized with the Yoast SEO Premium plugin v23.7 (Yoast SEO v27.4) - https:\/\/yoast.com\/product\/yoast-seo-premium-wordpress\/ -->\n<title>Refund and Returns Policy - Shih Mso Re<\/title>\n<meta name=\"robots\" content=\"noindex, follow, max-snippet:-1, max-image-preview:large, max-video-preview:-1\" \/>\n<meta property=\"og:locale\" content=\"sq_AL\" \/>\n<meta property=\"og:type\" content=\"article\" \/>\n<meta property=\"og:title\" content=\"Refund and Returns Policy\" \/>\n<meta property=\"og:description\" content=\"0 Facebook 0 Twitter 0 Linkedin 0 Facebook-messenger 0 Whatsapp 0 Telegram 0 Email Kjo \u00ebsht\u00eb nj\u00eb faqe shembulli. V\u00ebshtrim i p\u00ebrgjithsh\u00ebm Politika jon\u00eb e rimbursimit dhe kthimit zgjat 30 dit\u00eb. N\u00ebse kan\u00eb kaluar 30 dit\u00eb nga blerja juaj, ne nuk mund t&#8217;ju ofrojm\u00eb rimbursim ose shk\u00ebmbim t\u00eb plot\u00eb. P\u00ebr t&#8217;u kualifikuar p\u00ebr kthim. Artikulli [&hellip;]\" \/>\n<meta property=\"og:url\" content=\"https:\/\/shih.mso.re\/sq\/refund_returns\/\" \/>\n<meta property=\"og:site_name\" content=\"Shih Mso Re\" \/>\n<meta property=\"article:modified_time\" content=\"2025-02-08T11:54:28+00:00\" \/>\n<meta name=\"twitter:card\" content=\"summary_large_image\" \/>\n<meta name=\"twitter:label1\" content=\"Est. reading time\" \/>\n\t<meta name=\"twitter:data1\" content=\"4 minuta\" \/>\n<script type=\"application\/ld+json\" class=\"yoast-schema-graph\">{\"@context\":\"https:\\\/\\\/schema.org\",\"@graph\":[{\"@type\":\"WebPage\",\"@id\":\"https:\\\/\\\/shih.mso.re\\\/refund_returns\\\/\",\"url\":\"https:\\\/\\\/shih.mso.re\\\/refund_returns\\\/\",\"name\":\"Refund and Returns Policy - Shih Mso Re\",\"isPartOf\":{\"@id\":\"https:\\\/\\\/shih.mso.re\\\/#website\"},\"datePublished\":\"2024-11-03T20:22:40+00:00\",\"dateModified\":\"2025-02-08T11:54:28+00:00\",\"breadcrumb\":{\"@id\":\"https:\\\/\\\/shih.mso.re\\\/refund_returns\\\/#breadcrumb\"},\"inLanguage\":\"sq\",\"potentialAction\":[{\"@type\":\"ReadAction\",\"target\":[\"https:\\\/\\\/shih.mso.re\\\/refund_returns\\\/\"]}]},{\"@type\":\"BreadcrumbList\",\"@id\":\"https:\\\/\\\/shih.mso.re\\\/refund_returns\\\/#breadcrumb\",\"itemListElement\":[{\"@type\":\"ListItem\",\"position\":1,\"name\":\"Home\",\"item\":\"https:\\\/\\\/shih.mso.re\\\/\"},{\"@type\":\"ListItem\",\"position\":2,\"name\":\"Refund and Returns Policy\"}]},{\"@type\":\"WebSite\",\"@id\":\"https:\\\/\\\/shih.mso.re\\\/#website\",\"url\":\"https:\\\/\\\/shih.mso.re\\\/\",\"name\":\"Mso Re\",\"description\":\"\",\"publisher\":{\"@id\":\"https:\\\/\\\/shih.mso.re\\\/#\\\/schema\\\/person\\\/72cba611081555b1d2b1b568593f0446\"},\"potentialAction\":[{\"@type\":\"SearchAction\",\"target\":{\"@type\":\"EntryPoint\",\"urlTemplate\":\"https:\\\/\\\/shih.mso.re\\\/?s={search_term_string}\"},\"query-input\":{\"@type\":\"PropertyValueSpecification\",\"valueRequired\":true,\"valueName\":\"search_term_string\"}}],\"inLanguage\":\"sq\"},{\"@type\":[\"Person\",\"Organization\"],\"@id\":\"https:\\\/\\\/shih.mso.re\\\/#\\\/schema\\\/person\\\/72cba611081555b1d2b1b568593f0446\",\"name\":\"muslim.brami\",\"image\":{\"@type\":\"ImageObject\",\"inLanguage\":\"sq\",\"@id\":\"https:\\\/\\\/i0.wp.com\\\/shih.mso.re\\\/wp-content\\\/uploads\\\/2025\\\/02\\\/shih-1-e1738930526135.png?fit=309%2C308&ssl=1\",\"url\":\"https:\\\/\\\/i0.wp.com\\\/shih.mso.re\\\/wp-content\\\/uploads\\\/2025\\\/02\\\/shih-1-e1738930526135.png?fit=309%2C308&ssl=1\",\"contentUrl\":\"https:\\\/\\\/i0.wp.com\\\/shih.mso.re\\\/wp-content\\\/uploads\\\/2025\\\/02\\\/shih-1-e1738930526135.png?fit=309%2C308&ssl=1\",\"width\":309,\"height\":308,\"caption\":\"muslim.brami\"},\"logo\":{\"@id\":\"https:\\\/\\\/i0.wp.com\\\/shih.mso.re\\\/wp-content\\\/uploads\\\/2025\\\/02\\\/shih-1-e1738930526135.png?fit=309%2C308&ssl=1\"},\"sameAs\":[\"https:\\\/\\\/shih.mso.re\"],\"publishingPrinciples\":\"https:\\\/\\\/shih.mso.re\\\/shop\\\/\",\"ownershipFundingInfo\":\"https:\\\/\\\/shih.mso.re\\\/checkout\\\/\"}]}<\/script>\n<!-- \/ Yoast SEO Premium plugin. -->","yoast_head_json":{"title":"Refund and Returns Policy - Shih Mso Re","robots":{"index":"noindex","follow":"follow","max-snippet":"max-snippet:-1","max-image-preview":"max-image-preview:large","max-video-preview":"max-video-preview:-1"},"og_locale":"sq_AL","og_type":"article","og_title":"Refund and Returns Policy","og_description":"0 Facebook 0 Twitter 0 Linkedin 0 Facebook-messenger 0 Whatsapp 0 Telegram 0 Email Kjo \u00ebsht\u00eb nj\u00eb faqe shembulli. V\u00ebshtrim i p\u00ebrgjithsh\u00ebm Politika jon\u00eb e rimbursimit dhe kthimit zgjat 30 dit\u00eb. N\u00ebse kan\u00eb kaluar 30 dit\u00eb nga blerja juaj, ne nuk mund t&#8217;ju ofrojm\u00eb rimbursim ose shk\u00ebmbim t\u00eb plot\u00eb. P\u00ebr t&#8217;u kualifikuar p\u00ebr kthim. Artikulli [&hellip;]","og_url":"https:\/\/shih.mso.re\/sq\/refund_returns\/","og_site_name":"Shih Mso Re","article_modified_time":"2025-02-08T11:54:28+00:00","twitter_card":"summary_large_image","twitter_misc":{"Est. reading time":"4 minuta"},"schema":{"@context":"https:\/\/schema.org","@graph":[{"@type":"WebPage","@id":"https:\/\/shih.mso.re\/refund_returns\/","url":"https:\/\/shih.mso.re\/refund_returns\/","name":"Refund and Returns Policy - Shih Mso Re","isPartOf":{"@id":"https:\/\/shih.mso.re\/#website"},"datePublished":"2024-11-03T20:22:40+00:00","dateModified":"2025-02-08T11:54:28+00:00","breadcrumb":{"@id":"https:\/\/shih.mso.re\/refund_returns\/#breadcrumb"},"inLanguage":"sq","potentialAction":[{"@type":"ReadAction","target":["https:\/\/shih.mso.re\/refund_returns\/"]}]},{"@type":"BreadcrumbList","@id":"https:\/\/shih.mso.re\/refund_returns\/#breadcrumb","itemListElement":[{"@type":"ListItem","position":1,"name":"Home","item":"https:\/\/shih.mso.re\/"},{"@type":"ListItem","position":2,"name":"Refund and Returns Policy"}]},{"@type":"WebSite","@id":"https:\/\/shih.mso.re\/#website","url":"https:\/\/shih.mso.re\/","name":"Mso Re","description":"","publisher":{"@id":"https:\/\/shih.mso.re\/#\/schema\/person\/72cba611081555b1d2b1b568593f0446"},"potentialAction":[{"@type":"SearchAction","target":{"@type":"EntryPoint","urlTemplate":"https:\/\/shih.mso.re\/?s={search_term_string}"},"query-input":{"@type":"PropertyValueSpecification","valueRequired":true,"valueName":"search_term_string"}}],"inLanguage":"sq"},{"@type":["Person","Organization"],"@id":"https:\/\/shih.mso.re\/#\/schema\/person\/72cba611081555b1d2b1b568593f0446","name":"muslim.brami","image":{"@type":"ImageObject","inLanguage":"sq","@id":"https:\/\/i0.wp.com\/shih.mso.re\/wp-content\/uploads\/2025\/02\/shih-1-e1738930526135.png?fit=309%2C308&ssl=1","url":"https:\/\/i0.wp.com\/shih.mso.re\/wp-content\/uploads\/2025\/02\/shih-1-e1738930526135.png?fit=309%2C308&ssl=1","contentUrl":"https:\/\/i0.wp.com\/shih.mso.re\/wp-content\/uploads\/2025\/02\/shih-1-e1738930526135.png?fit=309%2C308&ssl=1","width":309,"height":308,"caption":"muslim.brami"},"logo":{"@id":"https:\/\/i0.wp.com\/shih.mso.re\/wp-content\/uploads\/2025\/02\/shih-1-e1738930526135.png?fit=309%2C308&ssl=1"},"sameAs":["https:\/\/shih.mso.re"],"publishingPrinciples":"https:\/\/shih.mso.re\/shop\/","ownershipFundingInfo":"https:\/\/shih.mso.re\/checkout\/"}]}},"jetpack_sharing_enabled":true,"jetpack_likes_enabled":true,"jetpack-related-posts":[{"id":3,"url":"https:\/\/shih.mso.re\/sq\/privacy-policy\/","url_meta":{"origin":49,"position":0},"title":"Privacy Policy","author":"muslim.brami","date":"31\/10\/2024","format":false,"excerpt":"Kush jemi ne? Teksti i sugjeruar: Adresa jon\u00eb e internetit \u00ebsht\u00eb: https:\/\/shih.mso.re. KomentetTeksti i sugjeruar: Kur vizitor\u00ebt l\u00ebn\u00eb komente n\u00eb sajt, ne mbledhim t\u00eb dh\u00ebnat e paraqitura n\u00eb formularin e komenteve. Ne mbledhim gjithashtu adres\u00ebn IP t\u00eb vizitorit dhe vargun e agjentit t\u00eb p\u00ebrdoruesit t\u00eb shfletuesit p\u00ebr t\u00eb ndihmuar me\u2026","rel":"","context":"Postim i ngjash\u00ebm","block_context":{"text":"Postim i ngjash\u00ebm","link":""},"img":{"alt_text":"","src":"","width":0,"height":0},"classes":[]}],"jetpack_shortlink":"https:\/\/wp.me\/Pg8mzc-N","_links":{"self":[{"href":"https:\/\/shih.mso.re\/sq\/wp-json\/wp\/v2\/pages\/49","targetHints":{"allow":["GET"]}}],"collection":[{"href":"https:\/\/shih.mso.re\/sq\/wp-json\/wp\/v2\/pages"}],"about":[{"href":"https:\/\/shih.mso.re\/sq\/wp-json\/wp\/v2\/types\/page"}],"author":[{"embeddable":true,"href":"https:\/\/shih.mso.re\/sq\/wp-json\/wp\/v2\/users\/1"}],"replies":[{"embeddable":true,"href":"https:\/\/shih.mso.re\/sq\/wp-json\/wp\/v2\/comments?post=49"}],"version-history":[{"count":3,"href":"https:\/\/shih.mso.re\/sq\/wp-json\/wp\/v2\/pages\/49\/revisions"}],"predecessor-version":[{"id":634,"href":"https:\/\/shih.mso.re\/sq\/wp-json\/wp\/v2\/pages\/49\/revisions\/634"}],"wp:attachment":[{"href":"https:\/\/shih.mso.re\/sq\/wp-json\/wp\/v2\/media?parent=49"}],"curies":[{"name":"wp","href":"https:\/\/api.w.org\/{rel}","templated":true}]}}